{"id":332,"date":"2023-12-01T15:48:21","date_gmt":"2023-12-01T14:48:21","guid":{"rendered":"https:\/\/www.olivierolabelling.com\/?page_id=332"},"modified":"2025-03-14T09:23:00","modified_gmt":"2025-03-14T08:23:00","slug":"chi-siamo","status":"publish","type":"page","link":"https:\/\/www.olivierolabelling.com\/index.php\/chi-siamo\/","title":{"rendered":"Chi siamo"},"content":{"rendered":"\t\t<div data-elementor-type=\"wp-page\" data-elementor-id=\"332\" class=\"elementor elementor-332\" data-elementor-post-type=\"page\">\n\t\t\t\t<div class=\"elementor-element elementor-element-54c02c3 e-flex e-con-boxed e-con e-parent\" data-id=\"54c02c3\" data-element_type=\"container\" data-e-type=\"container\">\n\t\t\t\t\t<div class=\"e-con-inner\">\n\t\t<div class=\"elementor-element elementor-element-329a2d2 e-con-full e-flex e-con e-child\" data-id=\"329a2d2\" data-element_type=\"container\" data-e-type=\"container\" data-settings=\"{&quot;background_background&quot;:&quot;classic&quot;}\">\n\t\t\t\t<div class=\"elementor-element elementor-element-fce9e53 elementor-widget__width-auto elementor-widget elementor-widget-heading\" data-id=\"fce9e53\" data-element_type=\"widget\" data-e-type=\"widget\" data-widget_type=\"heading.default\">\n\t\t\t\t<div class=\"elementor-widget-container\">\n\t\t\t\t\t<h3 class=\"elementor-heading-title elementor-size-default\">Storia<\/h3>\t\t\t\t<\/div>\n\t\t\t\t<\/div>\n\t\t\t\t<div class=\"elementor-element elementor-element-2f3f7fc elementor-widget__width-initial elementor-widget elementor-widget-heading\" data-id=\"2f3f7fc\" data-element_type=\"widget\" data-e-type=\"widget\" data-widget_type=\"heading.default\">\n\t\t\t\t<div class=\"elementor-widget-container\">\n\t\t\t\t\t<p class=\"elementor-heading-title elementor-size-default\">Fondata sull'esperienza ultra-ventennale nel campo delle <b>etichettatrici Krones<\/b>, <b>Oliviero Labelling Service<\/b> \u00e8 sinonimo di eccellenza nel fornire soluzioni di assistenza, manutenzione, collaudo e avviamento per <b>etichettatrici industriali<\/b> nel settore <b>Food <\/b>e <b>Beverage<\/b>.<br>La nostra storia inizia nel 2002, quando Giuseppe Oliviero, dopo oltre un decennio come tecnico presso il Service Krones, decide di mettere a disposizione la sua competenza fondando la Oliviero Labelling Service.<\/p>\t\t\t\t<\/div>\n\t\t\t\t<\/div>\n\t\t\t\t<div class=\"elementor-element elementor-element-a022c43 elementor-widget-divider--view-line elementor-widget elementor-widget-divider\" data-id=\"a022c43\" data-element_type=\"widget\" data-e-type=\"widget\" data-widget_type=\"divider.default\">\n\t\t\t\t<div class=\"elementor-widget-container\">\n\t\t\t\t\t\t\t<div class=\"elementor-divider\">\n\t\t\t<span class=\"elementor-divider-separator\">\n\t\t\t\t\t\t<\/span>\n\t\t<\/div>\n\t\t\t\t\t\t<\/div>\n\t\t\t\t<\/div>\n\t\t\t\t<div class=\"elementor-element elementor-element-a4781ee elementor-widget__width-auto elementor-widget elementor-widget-heading\" data-id=\"a4781ee\" data-element_type=\"widget\" data-e-type=\"widget\" data-widget_type=\"heading.default\">\n\t\t\t\t<div class=\"elementor-widget-container\">\n\t\t\t\t\t<h3 class=\"elementor-heading-title elementor-size-default\">Mission<\/h3>\t\t\t\t<\/div>\n\t\t\t\t<\/div>\n\t\t\t\t<div class=\"elementor-element elementor-element-4bf6b38 elementor-widget__width-initial elementor-widget elementor-widget-heading\" data-id=\"4bf6b38\" data-element_type=\"widget\" data-e-type=\"widget\" data-widget_type=\"heading.default\">\n\t\t\t\t<div class=\"elementor-widget-container\">\n\t\t\t\t\t<p class=\"elementor-heading-title elementor-size-default\">La nostra mission \u00e8 chiara e impegnativa: <b>soddisfare completamente il cliente con precisione, affidabilit\u00e0 e puntualit\u00e0<\/b>. Questo impegno ci ha consentito di collaborare con i <b>pi\u00f9 importanti gruppi del settore beverage<\/b>, consolidando la nostra reputazione come partner di fiducia nel mondo delle etichettatrici industriali.<\/p>\t\t\t\t<\/div>\n\t\t\t\t<\/div>\n\t\t\t\t<\/div>\n\t\t<div class=\"elementor-element elementor-element-909018f e-con-full e-flex e-con e-child\" data-id=\"909018f\" data-element_type=\"container\" data-e-type=\"container\">\n\t\t\t\t<div class=\"elementor-element elementor-element-926eaa9 elementor-widget-tablet__width-inherit elementor-widget elementor-widget-image\" data-id=\"926eaa9\" data-element_type=\"widget\" data-e-type=\"widget\" data-widget_type=\"image.default\">\n\t\t\t\t<div class=\"elementor-widget-container\">\n\t\t\t\t\t\t\t\t\t\t\t\t\t\t\t<img fetchpriority=\"high\" decoding=\"async\" width=\"1200\" height=\"1600\" src=\"https:\/\/www.olivierolabelling.com\/wp-content\/uploads\/2021\/08\/IMG_4184.jpg\" class=\"attachment-full size-full wp-image-157\" alt=\"\" srcset=\"https:\/\/www.olivierolabelling.com\/wp-content\/uploads\/2021\/08\/IMG_4184.jpg 1200w, https:\/\/www.olivierolabelling.com\/wp-content\/uploads\/2021\/08\/IMG_4184-225x300.jpg 225w, https:\/\/www.olivierolabelling.com\/wp-content\/uploads\/2021\/08\/IMG_4184-768x1024.jpg 768w, https:\/\/www.olivierolabelling.com\/wp-content\/uploads\/2021\/08\/IMG_4184-1152x1536.jpg 1152w\" sizes=\"(max-width: 1200px) 100vw, 1200px\" \/>\t\t\t\t\t\t\t\t\t\t\t\t\t\t\t<\/div>\n\t\t\t\t<\/div>\n\t\t\t\t<\/div>\n\t\t\t\t\t<\/div>\n\t\t\t\t<\/div>\n\t\t<div class=\"elementor-element elementor-element-429dc9f e-flex e-con-boxed e-con e-parent\" data-id=\"429dc9f\" data-element_type=\"container\" data-e-type=\"container\" data-settings=\"{&quot;background_background&quot;:&quot;classic&quot;}\">\n\t\t\t\t\t<div class=\"e-con-inner\">\n\t\t<div class=\"elementor-element elementor-element-71df94f e-con-full e-flex e-con e-child\" data-id=\"71df94f\" data-element_type=\"container\" data-e-type=\"container\">\n\t\t\t\t<div class=\"elementor-element elementor-element-b561090 elementor-widget__width-auto elementor-widget elementor-widget-heading\" data-id=\"b561090\" data-element_type=\"widget\" data-e-type=\"widget\" data-widget_type=\"heading.default\">\n\t\t\t\t<div class=\"elementor-widget-container\">\n\t\t\t\t\t<h3 class=\"elementor-heading-title elementor-size-default\">Servizi specializzati e competenza tecnica<\/h3>\t\t\t\t<\/div>\n\t\t\t\t<\/div>\n\t\t\t\t<div class=\"elementor-element elementor-element-80e6c08 elementor-widget__width-initial elementor-widget elementor-widget-heading\" data-id=\"80e6c08\" data-element_type=\"widget\" data-e-type=\"widget\" data-widget_type=\"heading.default\">\n\t\t\t\t<div class=\"elementor-widget-container\">\n\t\t\t\t\t<p class=\"elementor-heading-title elementor-size-default\">Oliviero Labelling Service si distingue per offrire un servizio di <b>assistenza tecnica qualificata<\/b>, <b>flessibile<\/b> e sempre attenta alle esigenze dei clienti. I nostri tecnici specializzati si dedicano a una vasta gamma di servizi, tra cui: <b>manutenzioni ordinarie e straordinarie<\/b>, <b>ispezioni<\/b>, e <b>collaudo <\/b>e<b> avviamento macchine<\/b>.<\/p>\t\t\t\t<\/div>\n\t\t\t\t<\/div>\n\t\t\t\t<div class=\"elementor-element elementor-element-94f453f elementor-widget-divider--view-line elementor-widget elementor-widget-divider\" data-id=\"94f453f\" data-element_type=\"widget\" data-e-type=\"widget\" data-widget_type=\"divider.default\">\n\t\t\t\t<div class=\"elementor-widget-container\">\n\t\t\t\t\t\t\t<div class=\"elementor-divider\">\n\t\t\t<span class=\"elementor-divider-separator\">\n\t\t\t\t\t\t<\/span>\n\t\t<\/div>\n\t\t\t\t\t\t<\/div>\n\t\t\t\t<\/div>\n\t\t\t\t<div class=\"elementor-element elementor-element-3757200 elementor-widget__width-auto elementor-widget elementor-widget-heading\" data-id=\"3757200\" data-element_type=\"widget\" data-e-type=\"widget\" data-widget_type=\"heading.default\">\n\t\t\t\t<div class=\"elementor-widget-container\">\n\t\t\t\t\t<h3 class=\"elementor-heading-title elementor-size-default\">Innovazione al vostro servizio<\/h3>\t\t\t\t<\/div>\n\t\t\t\t<\/div>\n\t\t\t\t<div class=\"elementor-element elementor-element-2cc4853 elementor-widget__width-initial elementor-widget elementor-widget-heading\" data-id=\"2cc4853\" data-element_type=\"widget\" data-e-type=\"widget\" data-widget_type=\"heading.default\">\n\t\t\t\t<div class=\"elementor-widget-container\">\n\t\t\t\t\t<p class=\"elementor-heading-title elementor-size-default\">La costante ricerca della qualit\u00e0 tecnico-professionale \u00e8 la chiave per garantirvi sempre l'efficienza e il corretto funzionamento delle vostre etichettatrici. Ci avvaliamo della competenza dei nostri tecnici per <b>costruire accessori<\/b> che facilitano il lavoro dei vostri operatori, <b>riducendo i tempi di fermo delle vostre linee<\/b>. Dalla pulizia alle regolazioni e messa a punto, forniamo attrezzatura completa per il cambio formato, dimostrando la nostra dedizione a offrire soluzioni complete.<\/p>\t\t\t\t<\/div>\n\t\t\t\t<\/div>\n\t\t\t\t<\/div>\n\t\t\t\t\t<\/div>\n\t\t\t\t<\/div>\n\t\t<div class=\"elementor-element elementor-element-8194146 e-flex e-con-boxed e-con e-parent\" data-id=\"8194146\" data-element_type=\"container\" data-e-type=\"container\">\n\t\t\t\t\t<div class=\"e-con-inner\">\n\t\t<div class=\"elementor-element elementor-element-7d23790 e-con-full e-flex e-con e-child\" data-id=\"7d23790\" data-element_type=\"container\" data-e-type=\"container\">\n\t\t\t\t<div class=\"elementor-element elementor-element-2b0911b elementor-widget__width-initial elementor-widget elementor-widget-heading\" data-id=\"2b0911b\" data-element_type=\"widget\" data-e-type=\"widget\" data-widget_type=\"heading.default\">\n\t\t\t\t<div class=\"elementor-widget-container\">\n\t\t\t\t\t<p class=\"elementor-heading-title elementor-size-default\"><b>Grazie<\/b> per scegliere <b>Oliviero Labelling Service<\/b>: siamo pronti a superare le vostre aspettative e a costruire insieme una partnership basata sulla qualit\u00e0 e sulla soddisfazione del cliente.<\/p>\t\t\t\t<\/div>\n\t\t\t\t<\/div>\n\t\t\t\t<div class=\"elementor-element elementor-element-f13ff52 elementor-align-center elementor-widget elementor-widget-button\" data-id=\"f13ff52\" data-element_type=\"widget\" data-e-type=\"widget\" data-widget_type=\"button.default\">\n\t\t\t\t<div class=\"elementor-widget-container\">\n\t\t\t\t\t\t\t\t\t<div class=\"elementor-button-wrapper\">\n\t\t\t\t\t<a class=\"elementor-button elementor-button-link elementor-size-md elementor-animation-grow\" href=\"https:\/\/www.olivierolabelling.com\/index.php\/contatti\/\">\n\t\t\t\t\t\t<span class=\"elementor-button-content-wrapper\">\n\t\t\t\t\t\t\t\t\t<span class=\"elementor-button-text\">contattaci<\/span>\n\t\t\t\t\t<\/span>\n\t\t\t\t\t<\/a>\n\t\t\t\t<\/div>\n\t\t\t\t\t\t\t\t<\/div>\n\t\t\t\t<\/div>\n\t\t\t\t<\/div>\n\t\t\t\t\t<\/div>\n\t\t\t\t<\/div>\n\t\t\t\t<\/div>\n\t\t","protected":false},"excerpt":{"rendered":"<p>Oliviero Labelling Service, offre soluzioni per etichettatrici industriali nel settore Food e Beverage. Fondata nel 2002 da Giuseppe Oliviero, ex tecnico presso il Service Krones, la nostra azienda si \u00e8 affermata come partner di fiducia grazie alla missione di soddisfare completamente il cliente con precisione, affidabilit\u00e0 e puntualit\u00e0. Offriamo servizi specializzati e competenza tecnica, con una gamma completa di assistenza, manutenzione e collaudo. La nostra costante ricerca della qualit\u00e0 e innovazione si traduce in soluzioni efficienti per le vostre etichettatrici.<\/p>\n","protected":false},"author":1,"featured_media":67,"parent":0,"menu_order":0,"comment_status":"closed","ping_status":"closed","template":"","meta":{"footnotes":""},"class_list":["post-332","page","type-page","status-publish","has-post-thumbnail","hentry"],"yoast_head":"<!-- This site is optimized with the Yoast SEO plugin v27.0 - https:\/\/yoast.com\/product\/yoast-seo-wordpress\/ -->\r\n<title>Chi siamo - Oliviero Labelling Service<\/title>\r\n<meta name=\"description\" content=\"Fondata sull&#039;esperienza ultra-ventennale nel settore delle etichettatrici Krones, Oliviero Labelling Service \u00e8 sinonimo di eccellenza nelle soluzioni di assistenza, manutenzione e collaudo. Dal 2002, ci impegniamo a soddisfare completamente il cliente con precisione, affidabilit\u00e0 e puntualit\u00e0, collaborando con i principali gruppi del settore beverage. Offriamo servizi specializzati e competenza tecnica, con un focus sull&#039;innovazione per garantire l&#039;efficienza delle vostre etichettatrici. Scegli Oliviero Labelling Service per una partnership basata sulla qualit\u00e0 e sulla soddisfazione del cliente.\" \/>\r\n<meta name=\"robots\" content=\"index, follow, max-snippet:-1, max-image-preview:large, max-video-preview:-1\" \/>\r\n<link rel=\"canonical\" href=\"https:\/\/www.olivierolabelling.com\/index.php\/chi-siamo\/\" \/>\r\n<meta property=\"og:locale\" content=\"it_IT\" \/>\r\n<meta property=\"og:type\" content=\"article\" \/>\r\n<meta property=\"og:title\" content=\"Chi siamo - Oliviero Labelling Service\" \/>\r\n<meta property=\"og:description\" content=\"Fondata sull&#039;esperienza ultra-ventennale nel settore delle etichettatrici Krones, Oliviero Labelling Service \u00e8 sinonimo di eccellenza nelle soluzioni di assistenza, manutenzione e collaudo. Dal 2002, ci impegniamo a soddisfare completamente il cliente con precisione, affidabilit\u00e0 e puntualit\u00e0, collaborando con i principali gruppi del settore beverage. Offriamo servizi specializzati e competenza tecnica, con un focus sull&#039;innovazione per garantire l&#039;efficienza delle vostre etichettatrici. Scegli Oliviero Labelling Service per una partnership basata sulla qualit\u00e0 e sulla soddisfazione del cliente.\" \/>\r\n<meta property=\"og:url\" content=\"https:\/\/www.olivierolabelling.com\/index.php\/chi-siamo\/\" \/>\r\n<meta property=\"og:site_name\" content=\"Oliviero Labelling Service\" \/>\r\n<meta property=\"article:publisher\" content=\"https:\/\/www.facebook.com\/Oliviero-Labelling-Service-474134499404745\" \/>\r\n<meta property=\"article:modified_time\" content=\"2025-03-14T08:23:00+00:00\" \/>\r\n<meta property=\"og:image\" content=\"https:\/\/www.olivierolabelling.com\/wp-content\/uploads\/2021\/08\/IMG_2136.jpg\" \/>\r\n\t<meta property=\"og:image:width\" content=\"2016\" \/>\r\n\t<meta property=\"og:image:height\" content=\"1512\" \/>\r\n\t<meta property=\"og:image:type\" content=\"image\/jpeg\" \/>\r\n<meta name=\"twitter:card\" content=\"summary_large_image\" \/>\r\n<meta name=\"twitter:title\" content=\"Chi siamo - Oliviero Labelling Service\" \/>\r\n<meta name=\"twitter:description\" content=\"Fondata sull&#039;esperienza ultra-ventennale nel settore delle etichettatrici Krones, Oliviero Labelling Service \u00e8 sinonimo di eccellenza nelle soluzioni di assistenza, manutenzione e collaudo. Dal 2002, ci impegniamo a soddisfare completamente il cliente con precisione, affidabilit\u00e0 e puntualit\u00e0, collaborando con i principali gruppi del settore beverage. Offriamo servizi specializzati e competenza tecnica, con un focus sull&#039;innovazione per garantire l&#039;efficienza delle vostre etichettatrici. Scegli Oliviero Labelling Service per una partnership basata sulla qualit\u00e0 e sulla soddisfazione del cliente.\" \/>\r\n<meta name=\"twitter:image\" content=\"https:\/\/www.olivierolabelling.com\/wp-content\/uploads\/2021\/08\/IMG_2136.jpg\" \/>\r\n<meta name=\"twitter:label1\" content=\"Tempo di lettura stimato\" \/>\n\t<meta name=\"twitter:data1\" content=\"2 minuti\" \/>\r\n<script type=\"application\/ld+json\" class=\"yoast-schema-graph\">{\"@context\":\"https:\/\/schema.org\",\"@graph\":[{\"@type\":\"WebPage\",\"@id\":\"https:\/\/www.olivierolabelling.com\/index.php\/chi-siamo\/\",\"url\":\"https:\/\/www.olivierolabelling.com\/index.php\/chi-siamo\/\",\"name\":\"Chi siamo - Oliviero Labelling Service\",\"isPartOf\":{\"@id\":\"https:\/\/www.olivierolabelling.com\/#website\"},\"primaryImageOfPage\":{\"@id\":\"https:\/\/www.olivierolabelling.com\/index.php\/chi-siamo\/#primaryimage\"},\"image\":{\"@id\":\"https:\/\/www.olivierolabelling.com\/index.php\/chi-siamo\/#primaryimage\"},\"thumbnailUrl\":\"https:\/\/www.olivierolabelling.com\/wp-content\/uploads\/2021\/08\/1assistenza-tecnica-etichettatrici-krones-beverage.jpg\",\"datePublished\":\"2023-12-01T14:48:21+00:00\",\"dateModified\":\"2025-03-14T08:23:00+00:00\",\"description\":\"Fondata sull'esperienza ultra-ventennale nel settore delle etichettatrici Krones, Oliviero Labelling Service \u00e8 sinonimo di eccellenza nelle soluzioni di assistenza, manutenzione e collaudo. Dal 2002, ci impegniamo a soddisfare completamente il cliente con precisione, affidabilit\u00e0 e puntualit\u00e0, collaborando con i principali gruppi del settore beverage. Offriamo servizi specializzati e competenza tecnica, con un focus sull'innovazione per garantire l'efficienza delle vostre etichettatrici. Scegli Oliviero Labelling Service per una partnership basata sulla qualit\u00e0 e sulla soddisfazione del cliente.\",\"breadcrumb\":{\"@id\":\"https:\/\/www.olivierolabelling.com\/index.php\/chi-siamo\/#breadcrumb\"},\"inLanguage\":\"it-IT\",\"potentialAction\":[{\"@type\":\"ReadAction\",\"target\":[\"https:\/\/www.olivierolabelling.com\/index.php\/chi-siamo\/\"]}]},{\"@type\":\"ImageObject\",\"inLanguage\":\"it-IT\",\"@id\":\"https:\/\/www.olivierolabelling.com\/index.php\/chi-siamo\/#primaryimage\",\"url\":\"https:\/\/www.olivierolabelling.com\/wp-content\/uploads\/2021\/08\/1assistenza-tecnica-etichettatrici-krones-beverage.jpg\",\"contentUrl\":\"https:\/\/www.olivierolabelling.com\/wp-content\/uploads\/2021\/08\/1assistenza-tecnica-etichettatrici-krones-beverage.jpg\",\"width\":1512,\"height\":392},{\"@type\":\"BreadcrumbList\",\"@id\":\"https:\/\/www.olivierolabelling.com\/index.php\/chi-siamo\/#breadcrumb\",\"itemListElement\":[{\"@type\":\"ListItem\",\"position\":1,\"name\":\"Home\",\"item\":\"https:\/\/www.olivierolabelling.com\/\"},{\"@type\":\"ListItem\",\"position\":2,\"name\":\"Chi siamo\"}]},{\"@type\":\"WebSite\",\"@id\":\"https:\/\/www.olivierolabelling.com\/#website\",\"url\":\"https:\/\/www.olivierolabelling.com\/\",\"name\":\"Oliviero Labelling Service\",\"description\":\"Labelling Technology Food and Beverage\",\"publisher\":{\"@id\":\"https:\/\/www.olivierolabelling.com\/#organization\"},\"potentialAction\":[{\"@type\":\"SearchAction\",\"target\":{\"@type\":\"EntryPoint\",\"urlTemplate\":\"https:\/\/www.olivierolabelling.com\/?s={search_term_string}\"},\"query-input\":{\"@type\":\"PropertyValueSpecification\",\"valueRequired\":true,\"valueName\":\"search_term_string\"}}],\"inLanguage\":\"it-IT\"},{\"@type\":\"Organization\",\"@id\":\"https:\/\/www.olivierolabelling.com\/#organization\",\"name\":\"Oliviero Labelling Service\",\"url\":\"https:\/\/www.olivierolabelling.com\/\",\"logo\":{\"@type\":\"ImageObject\",\"inLanguage\":\"it-IT\",\"@id\":\"https:\/\/www.olivierolabelling.com\/#\/schema\/logo\/image\/\",\"url\":\"https:\/\/www.olivierolabelling.com\/wp-content\/uploads\/2021\/08\/cropped-oliviero-labelling-service-logo-1.png\",\"contentUrl\":\"https:\/\/www.olivierolabelling.com\/wp-content\/uploads\/2021\/08\/cropped-oliviero-labelling-service-logo-1.png\",\"width\":225,\"height\":88,\"caption\":\"Oliviero Labelling Service\"},\"image\":{\"@id\":\"https:\/\/www.olivierolabelling.com\/#\/schema\/logo\/image\/\"},\"sameAs\":[\"https:\/\/www.facebook.com\/Oliviero-Labelling-Service-474134499404745\"]}]}<\/script>\r\n<!-- \/ Yoast SEO plugin. -->","yoast_head_json":{"title":"Chi siamo - Oliviero Labelling Service","description":"Fondata sull'esperienza ultra-ventennale nel settore delle etichettatrici Krones, Oliviero Labelling Service \u00e8 sinonimo di eccellenza nelle soluzioni di assistenza, manutenzione e collaudo. Dal 2002, ci impegniamo a soddisfare completamente il cliente con precisione, affidabilit\u00e0 e puntualit\u00e0, collaborando con i principali gruppi del settore beverage. Offriamo servizi specializzati e competenza tecnica, con un focus sull'innovazione per garantire l'efficienza delle vostre etichettatrici. Scegli Oliviero Labelling Service per una partnership basata sulla qualit\u00e0 e sulla soddisfazione del cliente.","robots":{"index":"index","follow":"follow","max-snippet":"max-snippet:-1","max-image-preview":"max-image-preview:large","max-video-preview":"max-video-preview:-1"},"canonical":"https:\/\/www.olivierolabelling.com\/index.php\/chi-siamo\/","og_locale":"it_IT","og_type":"article","og_title":"Chi siamo - Oliviero Labelling Service","og_description":"Fondata sull'esperienza ultra-ventennale nel settore delle etichettatrici Krones, Oliviero Labelling Service \u00e8 sinonimo di eccellenza nelle soluzioni di assistenza, manutenzione e collaudo. Dal 2002, ci impegniamo a soddisfare completamente il cliente con precisione, affidabilit\u00e0 e puntualit\u00e0, collaborando con i principali gruppi del settore beverage. Offriamo servizi specializzati e competenza tecnica, con un focus sull'innovazione per garantire l'efficienza delle vostre etichettatrici. Scegli Oliviero Labelling Service per una partnership basata sulla qualit\u00e0 e sulla soddisfazione del cliente.","og_url":"https:\/\/www.olivierolabelling.com\/index.php\/chi-siamo\/","og_site_name":"Oliviero Labelling Service","article_publisher":"https:\/\/www.facebook.com\/Oliviero-Labelling-Service-474134499404745","article_modified_time":"2025-03-14T08:23:00+00:00","og_image":[{"width":2016,"height":1512,"url":"https:\/\/www.olivierolabelling.com\/wp-content\/uploads\/2021\/08\/IMG_2136.jpg","type":"image\/jpeg"}],"twitter_card":"summary_large_image","twitter_title":"Chi siamo - Oliviero Labelling Service","twitter_description":"Fondata sull'esperienza ultra-ventennale nel settore delle etichettatrici Krones, Oliviero Labelling Service \u00e8 sinonimo di eccellenza nelle soluzioni di assistenza, manutenzione e collaudo. Dal 2002, ci impegniamo a soddisfare completamente il cliente con precisione, affidabilit\u00e0 e puntualit\u00e0, collaborando con i principali gruppi del settore beverage. Offriamo servizi specializzati e competenza tecnica, con un focus sull'innovazione per garantire l'efficienza delle vostre etichettatrici. Scegli Oliviero Labelling Service per una partnership basata sulla qualit\u00e0 e sulla soddisfazione del cliente.","twitter_image":"https:\/\/www.olivierolabelling.com\/wp-content\/uploads\/2021\/08\/IMG_2136.jpg","twitter_misc":{"Tempo di lettura stimato":"2 minuti"},"schema":{"@context":"https:\/\/schema.org","@graph":[{"@type":"WebPage","@id":"https:\/\/www.olivierolabelling.com\/index.php\/chi-siamo\/","url":"https:\/\/www.olivierolabelling.com\/index.php\/chi-siamo\/","name":"Chi siamo - Oliviero Labelling Service","isPartOf":{"@id":"https:\/\/www.olivierolabelling.com\/#website"},"primaryImageOfPage":{"@id":"https:\/\/www.olivierolabelling.com\/index.php\/chi-siamo\/#primaryimage"},"image":{"@id":"https:\/\/www.olivierolabelling.com\/index.php\/chi-siamo\/#primaryimage"},"thumbnailUrl":"https:\/\/www.olivierolabelling.com\/wp-content\/uploads\/2021\/08\/1assistenza-tecnica-etichettatrici-krones-beverage.jpg","datePublished":"2023-12-01T14:48:21+00:00","dateModified":"2025-03-14T08:23:00+00:00","description":"Fondata sull'esperienza ultra-ventennale nel settore delle etichettatrici Krones, Oliviero Labelling Service \u00e8 sinonimo di eccellenza nelle soluzioni di assistenza, manutenzione e collaudo. Dal 2002, ci impegniamo a soddisfare completamente il cliente con precisione, affidabilit\u00e0 e puntualit\u00e0, collaborando con i principali gruppi del settore beverage. Offriamo servizi specializzati e competenza tecnica, con un focus sull'innovazione per garantire l'efficienza delle vostre etichettatrici. Scegli Oliviero Labelling Service per una partnership basata sulla qualit\u00e0 e sulla soddisfazione del cliente.","breadcrumb":{"@id":"https:\/\/www.olivierolabelling.com\/index.php\/chi-siamo\/#breadcrumb"},"inLanguage":"it-IT","potentialAction":[{"@type":"ReadAction","target":["https:\/\/www.olivierolabelling.com\/index.php\/chi-siamo\/"]}]},{"@type":"ImageObject","inLanguage":"it-IT","@id":"https:\/\/www.olivierolabelling.com\/index.php\/chi-siamo\/#primaryimage","url":"https:\/\/www.olivierolabelling.com\/wp-content\/uploads\/2021\/08\/1assistenza-tecnica-etichettatrici-krones-beverage.jpg","contentUrl":"https:\/\/www.olivierolabelling.com\/wp-content\/uploads\/2021\/08\/1assistenza-tecnica-etichettatrici-krones-beverage.jpg","width":1512,"height":392},{"@type":"BreadcrumbList","@id":"https:\/\/www.olivierolabelling.com\/index.php\/chi-siamo\/#breadcrumb","itemListElement":[{"@type":"ListItem","position":1,"name":"Home","item":"https:\/\/www.olivierolabelling.com\/"},{"@type":"ListItem","position":2,"name":"Chi siamo"}]},{"@type":"WebSite","@id":"https:\/\/www.olivierolabelling.com\/#website","url":"https:\/\/www.olivierolabelling.com\/","name":"Oliviero Labelling Service","description":"Labelling Technology Food and Beverage","publisher":{"@id":"https:\/\/www.olivierolabelling.com\/#organization"},"potentialAction":[{"@type":"SearchAction","target":{"@type":"EntryPoint","urlTemplate":"https:\/\/www.olivierolabelling.com\/?s={search_term_string}"},"query-input":{"@type":"PropertyValueSpecification","valueRequired":true,"valueName":"search_term_string"}}],"inLanguage":"it-IT"},{"@type":"Organization","@id":"https:\/\/www.olivierolabelling.com\/#organization","name":"Oliviero Labelling Service","url":"https:\/\/www.olivierolabelling.com\/","logo":{"@type":"ImageObject","inLanguage":"it-IT","@id":"https:\/\/www.olivierolabelling.com\/#\/schema\/logo\/image\/","url":"https:\/\/www.olivierolabelling.com\/wp-content\/uploads\/2021\/08\/cropped-oliviero-labelling-service-logo-1.png","contentUrl":"https:\/\/www.olivierolabelling.com\/wp-content\/uploads\/2021\/08\/cropped-oliviero-labelling-service-logo-1.png","width":225,"height":88,"caption":"Oliviero Labelling Service"},"image":{"@id":"https:\/\/www.olivierolabelling.com\/#\/schema\/logo\/image\/"},"sameAs":["https:\/\/www.facebook.com\/Oliviero-Labelling-Service-474134499404745"]}]}},"_links":{"self":[{"href":"https:\/\/www.olivierolabelling.com\/index.php\/wp-json\/wp\/v2\/pages\/332","targetHints":{"allow":["GET"]}}],"collection":[{"href":"https:\/\/www.olivierolabelling.com\/index.php\/wp-json\/wp\/v2\/pages"}],"about":[{"href":"https:\/\/www.olivierolabelling.com\/index.php\/wp-json\/wp\/v2\/types\/page"}],"author":[{"embeddable":true,"href":"https:\/\/www.olivierolabelling.com\/index.php\/wp-json\/wp\/v2\/users\/1"}],"replies":[{"embeddable":true,"href":"https:\/\/www.olivierolabelling.com\/index.php\/wp-json\/wp\/v2\/comments?post=332"}],"version-history":[{"count":37,"href":"https:\/\/www.olivierolabelling.com\/index.php\/wp-json\/wp\/v2\/pages\/332\/revisions"}],"predecessor-version":[{"id":662,"href":"https:\/\/www.olivierolabelling.com\/index.php\/wp-json\/wp\/v2\/pages\/332\/revisions\/662"}],"wp:featuredmedia":[{"embeddable":true,"href":"https:\/\/www.olivierolabelling.com\/index.php\/wp-json\/wp\/v2\/media\/67"}],"wp:attachment":[{"href":"https:\/\/www.olivierolabelling.com\/index.php\/wp-json\/wp\/v2\/media?parent=332"}],"curies":[{"name":"wp","href":"https:\/\/api.w.org\/{rel}","templated":true}]}}